{"id":31566,"date":"2025-11-10T13:23:20","date_gmt":"2025-11-10T12:23:20","guid":{"rendered":"https:\/\/www.finanzen.net\/ratgeber\/?page_id=31566"},"modified":"2026-04-14T08:56:56","modified_gmt":"2026-04-14T06:56:56","slug":"rechner-und-vergleiche","status":"publish","type":"page","link":"https:\/\/www.finanzen.net\/ratgeber\/rechner-und-vergleiche\/","title":{"rendered":"Rechner &amp; Vergleiche"},"content":{"rendered":"\n\n\n    <div class=\"container\">\n                    <h2 class=\"headline headline--h1\">Rechner &#038; Vergleiche<\/h2>\n        \n        <div class=\"article-teasers\">\n            <div class=\"article-teasers__container-primary\">\n                <div class=\"article-teasers__container-primary-inner\">\n                                                                                                                            <\/div>\n            <\/div>\n\n            <div class=\"article-teasers__container-secondary\">\n                                                                                                                                        <\/div>\n        <\/div>\n    <\/div>\n\n\n\n\n\n\n    <div class=\"container\">\n                    <h2 class=\"headline headline--h1\">Trading<\/h2>\n        \n        <div class=\"article-teasers\">\n            <div class=\"article-teasers__container-primary\">\n                <div class=\"article-teasers__container-primary-inner\">\n                                                                        <a class=\"article-teaser article-teaser--large article-teaser--1\" href=\"https:\/\/www.finanzen.net\/ratgeber\/rechner-vergleiche\/online-broker-vergleich\/\">\n                                <div class=\"article-teaser__image\">\n                                    <img loading=\"lazy\" decoding=\"async\" width=\"978\" height=\"172\" src=\"https:\/\/www.finanzen.net\/ratgeber\/wp-content\/uploads\/2025\/12\/online-broker-vergleich-hero01.webp\" class=\"attachment-post-thumbnail size-post-thumbnail wp-post-image\" alt=\"Online-Broker-Vergleich - Depot-Vergleich\" srcset=\"https:\/\/www.finanzen.net\/ratgeber\/wp-content\/uploads\/2025\/12\/online-broker-vergleich-hero01.webp 978w, https:\/\/www.finanzen.net\/ratgeber\/wp-content\/uploads\/2025\/12\/online-broker-vergleich-hero01-300x53.webp 300w, https:\/\/www.finanzen.net\/ratgeber\/wp-content\/uploads\/2025\/12\/online-broker-vergleich-hero01-768x135.webp 768w\" sizes=\"auto, (max-width: 978px) 100vw, 978px\" \/>                                <\/div>\n                                <div class=\"article-teaser__content-container\">\n                                    <div class=\"article-teaser__preline\">\n                                                                            <\/div>\n                                    <h3 class=\"headline headline--h3 article-teaser__headline\">\n                                        Online-Broker-Vergleich                                    <\/h3>\n                                    <div class=\"article-teaser__excerpt\">\n                                        <span class=\"article-teaser__excerpt-arrow\">\n                                            Im regelm\u00e4\u00dfig aktualisierten Online-Broker-Vergleich von finanzen.net findest Du schnell das passende Depot!                                        <\/span>\n                                    <\/div>\n                                    <span class=\"article-teaser__more-link link link--arrow-right\">\n                                        Mehr erfahren\n                                    <\/span>\n                                <\/div>\n                            <\/a>\n                                                                                                <a class=\"article-teaser article-teaser--large article-teaser--2\" href=\"https:\/\/www.finanzen.net\/ratgeber\/rechner-vergleiche\/robo-advisor-vergleich\/\">\n                                <div class=\"article-teaser__image\">\n                                    <img loading=\"lazy\" decoding=\"async\" width=\"1500\" height=\"687\" src=\"https:\/\/www.finanzen.net\/ratgeber\/wp-content\/uploads\/2026\/04\/shutterstock_2415725041-scaled-e1777362532101.jpg\" class=\"attachment-post-thumbnail size-post-thumbnail wp-post-image\" alt=\"\" \/>                                <\/div>\n                                <div class=\"article-teaser__content-container\">\n                                    <div class=\"article-teaser__preline\">\n                                                                            <\/div>\n                                    <h3 class=\"headline headline--h3 article-teaser__headline\">\n                                        Robo-Advisor-Vergleich                                    <\/h3>\n                                    <div class=\"article-teaser__excerpt\">\n                                        <span class=\"article-teaser__excerpt-arrow\">\n                                            Im gro\u00dfen Robo-Advisor-Vergleich von finanzen.net findest Du schnell den besten Robo-Advisor f\u00fcr Deine stressfreie Investition!                                        <\/span>\n                                    <\/div>\n                                    <span class=\"article-teaser__more-link link link--arrow-right\">\n                                        Mehr erfahren\n                                    <\/span>\n                                <\/div>\n                            <\/a>\n                                                            <\/div>\n            <\/div>\n\n            <div class=\"article-teasers__container-secondary\">\n                                                            <a class=\"article-teaser article-teaser--small article-teaser--3\" href=\"https:\/\/www.finanzen.net\/ratgeber\/rechner-vergleiche\/etf-rechner\/\">\n                            <h3 class=\"headline headline--h3 article-teaser__headline\">\n                                ETF-Rechner                            <\/h3>\n                            <div class=\"article-teaser__excerpt\">\n                                <span class=\"article-teaser__excerpt-arrow\">\n                                                                    <\/span>\n                            <\/div>\n                            <span class=\"article-teaser__more-link link link--arrow-right\">\n                                Mehr erfahren\n                            <\/span>\n                        <\/a>\n                                                                                <a class=\"article-teaser article-teaser--small article-teaser--4\" href=\"https:\/\/www.finanzen.net\/ratgeber\/rechner-vergleiche\/zinseszinsrechner\/\">\n                            <h3 class=\"headline headline--h3 article-teaser__headline\">\n                                Zinseszinsrechner                            <\/h3>\n                            <div class=\"article-teaser__excerpt\">\n                                <span class=\"article-teaser__excerpt-arrow\">\n                                    Wie viel Verm\u00f6gen baut sich auf, wenn du heute anf\u00e4ngst zu investieren? Unser Zinseszinsrechner zeigt dir &#8230;                                <\/span>\n                            <\/div>\n                            <span class=\"article-teaser__more-link link link--arrow-right\">\n                                Mehr erfahren\n                            <\/span>\n                        <\/a>\n                                                                                <a class=\"article-teaser article-teaser--small article-teaser--5\" href=\"https:\/\/www.finanzen.net\/ratgeber\/vorsorge\/altersvorsorgedepot-rechner\/\">\n                            <h3 class=\"headline headline--h3 article-teaser__headline\">\n                                Altersvorsorgedepot Rechner 2027                            <\/h3>\n                            <div class=\"article-teaser__excerpt\">\n                                <span class=\"article-teaser__excerpt-arrow\">\n                                    Ab 2027 f\u00f6rdert der Staat dein privates ETF-Sparen f\u00fcrs Alter. Wie viel F\u00f6rderung in deiner konkreten &#8230;                                <\/span>\n                            <\/div>\n                            <span class=\"article-teaser__more-link link link--arrow-right\">\n                                Mehr erfahren\n                            <\/span>\n                        <\/a>\n                                                <\/div>\n        <\/div>\n    <\/div>\n\n\n\n\n\n\n    <div class=\"container\">\n                    <h2 class=\"headline headline--h1\">Geld<\/h2>\n        \n        <div class=\"article-teasers\">\n            <div class=\"article-teasers__container-primary\">\n                <div class=\"article-teasers__container-primary-inner\">\n                                                                        <a class=\"article-teaser article-teaser--large article-teaser--1\" href=\"https:\/\/www.finanzen.net\/ratgeber\/geld\/produkte-vergleiche\/tagesgeld-vergleich\/\">\n                                <div class=\"article-teaser__image\">\n                                    <img loading=\"lazy\" decoding=\"async\" width=\"1920\" height=\"882\" src=\"https:\/\/www.finanzen.net\/ratgeber\/wp-content\/uploads\/2024\/01\/shutterstock_2140007393-PhotoRoom.jpg\" class=\"attachment-post-thumbnail size-post-thumbnail wp-post-image\" alt=\"\" srcset=\"https:\/\/www.finanzen.net\/ratgeber\/wp-content\/uploads\/2024\/01\/shutterstock_2140007393-PhotoRoom.jpg 1920w, https:\/\/www.finanzen.net\/ratgeber\/wp-content\/uploads\/2024\/01\/shutterstock_2140007393-PhotoRoom-300x138.jpg 300w, https:\/\/www.finanzen.net\/ratgeber\/wp-content\/uploads\/2024\/01\/shutterstock_2140007393-PhotoRoom-1024x470.jpg 1024w, https:\/\/www.finanzen.net\/ratgeber\/wp-content\/uploads\/2024\/01\/shutterstock_2140007393-PhotoRoom-768x353.jpg 768w, https:\/\/www.finanzen.net\/ratgeber\/wp-content\/uploads\/2024\/01\/shutterstock_2140007393-PhotoRoom-1536x706.jpg 1536w\" sizes=\"auto, (max-width: 1920px) 100vw, 1920px\" \/>                                <\/div>\n                                <div class=\"article-teaser__content-container\">\n                                    <div class=\"article-teaser__preline\">\n                                                                            <\/div>\n                                    <h3 class=\"headline headline--h3 article-teaser__headline\">\n                                        Tagesgeldvergleich 05\/2026                                    <\/h3>\n                                    <div class=\"article-teaser__excerpt\">\n                                        <span class=\"article-teaser__excerpt-arrow\">\n                                            Geld kurzfristig parken und bis zu 4,0 % Zinsen kassieren!                                        <\/span>\n                                    <\/div>\n                                    <span class=\"article-teaser__more-link link link--arrow-right\">\n                                        Mehr erfahren\n                                    <\/span>\n                                <\/div>\n                            <\/a>\n                                                                                                <a class=\"article-teaser article-teaser--large article-teaser--2\" href=\"https:\/\/www.finanzen.net\/ratgeber\/aktien\/produkte-vergleiche\/festgeldvergleich\/\">\n                                <div class=\"article-teaser__image\">\n                                    <img loading=\"lazy\" decoding=\"async\" width=\"1920\" height=\"882\" src=\"https:\/\/www.finanzen.net\/ratgeber\/wp-content\/uploads\/2024\/01\/shutterstock_1835793514-PhotoRoom.jpg\" class=\"attachment-post-thumbnail size-post-thumbnail wp-post-image\" alt=\"\" srcset=\"https:\/\/www.finanzen.net\/ratgeber\/wp-content\/uploads\/2024\/01\/shutterstock_1835793514-PhotoRoom.jpg 1920w, https:\/\/www.finanzen.net\/ratgeber\/wp-content\/uploads\/2024\/01\/shutterstock_1835793514-PhotoRoom-300x138.jpg 300w, https:\/\/www.finanzen.net\/ratgeber\/wp-content\/uploads\/2024\/01\/shutterstock_1835793514-PhotoRoom-1024x470.jpg 1024w, https:\/\/www.finanzen.net\/ratgeber\/wp-content\/uploads\/2024\/01\/shutterstock_1835793514-PhotoRoom-768x353.jpg 768w, https:\/\/www.finanzen.net\/ratgeber\/wp-content\/uploads\/2024\/01\/shutterstock_1835793514-PhotoRoom-1536x706.jpg 1536w\" sizes=\"auto, (max-width: 1920px) 100vw, 1920px\" \/>                                <\/div>\n                                <div class=\"article-teaser__content-container\">\n                                    <div class=\"article-teaser__preline\">\n                                                                            <\/div>\n                                    <h3 class=\"headline headline--h3 article-teaser__headline\">\n                                        Festgeldvergleich 05\/2026                                    <\/h3>\n                                    <div class=\"article-teaser__excerpt\">\n                                        <span class=\"article-teaser__excerpt-arrow\">\n                                            Diese Banken zahlen Dir aktuell bis zu 3,5 % Zinsen f\u00fcr dein Festgeld!                                        <\/span>\n                                    <\/div>\n                                    <span class=\"article-teaser__more-link link link--arrow-right\">\n                                        Mehr erfahren\n                                    <\/span>\n                                <\/div>\n                            <\/a>\n                                                            <\/div>\n            <\/div>\n\n            <div class=\"article-teasers__container-secondary\">\n                                                                                                                                        <\/div>\n        <\/div>\n    <\/div>\n\n","protected":false},"excerpt":{"rendered":"","protected":false},"author":16,"featured_media":0,"parent":0,"menu_order":0,"comment_status":"closed","ping_status":"closed","template":"","meta":{"_acf_changed":false,"footnotes":""},"class_list":["post-31566","page","type-page","status-publish","hentry"],"acf":[],"yoast_head":"<title>Rechner &amp; Vergleiche<\/title>\n<meta name=\"robots\" content=\"index, follow, max-snippet:-1, max-image-preview:large, max-video-preview:-1\" \/>\n<link rel=\"canonical\" href=\"https:\/\/www.finanzen.net\/ratgeber\/rechner-und-vergleiche\/\" \/>\n<meta property=\"og:locale\" content=\"de_DE\" \/>\n<meta property=\"og:type\" content=\"article\" \/>\n<meta property=\"og:title\" content=\"Rechner &amp; Vergleiche\" \/>\n<meta property=\"og:url\" content=\"https:\/\/www.finanzen.net\/ratgeber\/rechner-und-vergleiche\/\" \/>\n<meta property=\"og:site_name\" content=\"Finanzen.net Ratgeber: Finanzwissen, das dich weiterbringt\" \/>\n<meta property=\"article:modified_time\" content=\"2026-04-14T06:56:56+00:00\" \/>\n<meta name=\"twitter:card\" content=\"summary_large_image\" \/>\n<meta name=\"twitter:label1\" content=\"Gesch\u00e4tzte Lesezeit\" \/>\n\t<meta name=\"twitter:data1\" content=\"1\u00a0Minute\" \/>","yoast_head_json":{"title":"Rechner &amp; Vergleiche","robots":{"index":"index","follow":"follow","max-snippet":"max-snippet:-1","max-image-preview":"max-image-preview:large","max-video-preview":"max-video-preview:-1"},"canonical":"https:\/\/www.finanzen.net\/ratgeber\/rechner-und-vergleiche\/","og_locale":"de_DE","og_type":"article","og_title":"Rechner &amp; Vergleiche","og_url":"https:\/\/www.finanzen.net\/ratgeber\/rechner-und-vergleiche\/","og_site_name":"Finanzen.net Ratgeber: Finanzwissen, das dich weiterbringt","article_modified_time":"2026-04-14T06:56:56+00:00","twitter_card":"summary_large_image","twitter_misc":{"Gesch\u00e4tzte Lesezeit":"1\u00a0Minute"},"schema":{"@context":"https:\/\/schema.org","@graph":[{"@type":"Article","@id":"https:\/\/www.finanzen.net\/ratgeber\/rechner-und-vergleiche\/#article","isPartOf":{"@id":"https:\/\/www.finanzen.net\/ratgeber\/rechner-und-vergleiche\/"},"author":{"name":"Redaktion Ratgeber","@id":"https:\/\/www.finanzen.net\/ratgeber\/#\/schema\/person\/7de2b54939f007854918b2e05989b109"},"headline":"Rechner &amp; Vergleiche","datePublished":"2025-11-10T12:23:20+00:00","dateModified":"2026-04-14T06:56:56+00:00","mainEntityOfPage":{"@id":"https:\/\/www.finanzen.net\/ratgeber\/rechner-und-vergleiche\/"},"wordCount":117,"inLanguage":"de"},{"@type":["WebPage","ItemPage"],"@id":"https:\/\/www.finanzen.net\/ratgeber\/rechner-und-vergleiche\/","url":"https:\/\/www.finanzen.net\/ratgeber\/rechner-und-vergleiche\/","name":"Rechner &amp; Vergleiche","isPartOf":{"@id":"https:\/\/www.finanzen.net\/ratgeber\/#website"},"datePublished":"2025-11-10T12:23:20+00:00","dateModified":"2026-04-14T06:56:56+00:00","breadcrumb":{"@id":"https:\/\/www.finanzen.net\/ratgeber\/rechner-und-vergleiche\/#breadcrumb"},"inLanguage":"de","potentialAction":[{"@type":"ReadAction","target":["https:\/\/www.finanzen.net\/ratgeber\/rechner-und-vergleiche\/"]}]},{"@type":"BreadcrumbList","@id":"https:\/\/www.finanzen.net\/ratgeber\/rechner-und-vergleiche\/#breadcrumb","itemListElement":[{"@type":"ListItem","position":1,"name":"Startseite","item":"https:\/\/www.finanzen.net\/ratgeber\/"},{"@type":"ListItem","position":2,"name":"Rechner &amp; Vergleiche"}]},{"@type":"WebSite","@id":"https:\/\/www.finanzen.net\/ratgeber\/#website","url":"https:\/\/www.finanzen.net\/ratgeber\/","name":"Finanzen.net Ratgeber - Die Ganze Welt der Finanzen","description":"","potentialAction":[{"@type":"SearchAction","target":{"@type":"EntryPoint","urlTemplate":"https:\/\/www.finanzen.net\/ratgeber\/?s={search_term_string}"},"query-input":{"@type":"PropertyValueSpecification","valueRequired":true,"valueName":"search_term_string"}}],"inLanguage":"de"},{"@type":"Person","@id":"https:\/\/www.finanzen.net\/ratgeber\/#\/schema\/person\/7de2b54939f007854918b2e05989b109","name":"Redaktion Ratgeber","image":{"@type":"ImageObject","inLanguage":"de","@id":"https:\/\/www.finanzen.net\/ratgeber\/wp-content\/uploads\/2024\/01\/image-6-150x150.png","url":"https:\/\/www.finanzen.net\/ratgeber\/wp-content\/uploads\/2024\/01\/image-6-150x150.png","contentUrl":"https:\/\/www.finanzen.net\/ratgeber\/wp-content\/uploads\/2024\/01\/image-6-150x150.png","caption":"Redaktion Ratgeber"},"url":"https:\/\/www.finanzen.net\/ratgeber\/author\/team-ratgeber\/"}]}},"_links":{"self":[{"href":"https:\/\/www.finanzen.net\/ratgeber\/wp-json\/wp\/v2\/pages\/31566","targetHints":{"allow":["GET"]}}],"collection":[{"href":"https:\/\/www.finanzen.net\/ratgeber\/wp-json\/wp\/v2\/pages"}],"about":[{"href":"https:\/\/www.finanzen.net\/ratgeber\/wp-json\/wp\/v2\/types\/page"}],"author":[{"embeddable":true,"href":"https:\/\/www.finanzen.net\/ratgeber\/wp-json\/wp\/v2\/users\/16"}],"replies":[{"embeddable":true,"href":"https:\/\/www.finanzen.net\/ratgeber\/wp-json\/wp\/v2\/comments?post=31566"}],"version-history":[{"count":12,"href":"https:\/\/www.finanzen.net\/ratgeber\/wp-json\/wp\/v2\/pages\/31566\/revisions"}],"predecessor-version":[{"id":37910,"href":"https:\/\/www.finanzen.net\/ratgeber\/wp-json\/wp\/v2\/pages\/31566\/revisions\/37910"}],"wp:attachment":[{"href":"https:\/\/www.finanzen.net\/ratgeber\/wp-json\/wp\/v2\/media?parent=31566"}],"curies":[{"name":"wp","href":"https:\/\/api.w.org\/{rel}","templated":true}]}}