{"id":31608,"date":"2025-11-10T13:43:44","date_gmt":"2025-11-10T12:43:44","guid":{"rendered":"https:\/\/www.finanzen.net\/ratgeber\/?page_id=31608"},"modified":"2026-02-26T14:57:14","modified_gmt":"2026-02-26T13:57:14","slug":"praxis-strategien","status":"publish","type":"page","link":"https:\/\/www.finanzen.net\/ratgeber\/krypto\/praxis-strategien\/","title":{"rendered":"Praxis &amp; Strategien"},"content":{"rendered":"\n\n\n            <div class=\"container\" >\n                            <h2 class=\"headline headline--h1\">Krypto &#8211; Praxis &#038; Strategien<\/h2>\n                        <div class=\"article-teasers\">\n                                                                                    <div class=\"article-teasers__container-primary\">\n                            <div class=\"article-teasers__container-primary-inner\">\n                                                                    <a class=\"article-teaser article-teaser--large article-teaser--1\" href=\"https:\/\/www.finanzen.net\/ratgeber\/krypto\/praxis-strategien\/copy-trading\/\">\n                                                                    <div class=\"article-teaser__image\">\n                                        <img loading=\"lazy\" decoding=\"async\" width=\"660\" height=\"303\" src=\"https:\/\/www.finanzen.net\/ratgeber\/wp-content\/uploads\/2024\/09\/etf-oder-fonds-ratgeber-2473374779-660.jpg\" class=\"attachment-post-thumbnail size-post-thumbnail wp-post-image\" alt=\"\" srcset=\"https:\/\/www.finanzen.net\/ratgeber\/wp-content\/uploads\/2024\/09\/etf-oder-fonds-ratgeber-2473374779-660.jpg 660w, https:\/\/www.finanzen.net\/ratgeber\/wp-content\/uploads\/2024\/09\/etf-oder-fonds-ratgeber-2473374779-660-300x138.jpg 300w\" sizes=\"auto, (max-width: 660px) 100vw, 660px\" \/>                                    <\/div>\n                                    <div class=\"article-teaser__content-container\">\n                                                                                    <div class=\"article-teaser__preline\">\n                                                Trading-Strategie                                            <\/div>\n                                                                                                        <h3 class=\"headline headline--h3 article-teaser__headline\">\n                                    Copy-Trading                                <\/h3>\n                                <div class=\"article-teaser__excerpt\">\n                                                                            <span class=\"article-teaser__excerpt-arrow\">\n                                            153 Prozent Rendite in zwei Jahren &#8211; wie das mit Copy Trading funktioniert und was Sie &#8230;                                        <\/span>\n                                                                    <\/div>\n                                <span class=\"article-teaser__more-link link link--arrow-right\">\n                                    Mehr erfahren\n                                <\/span>\n                                                                    <\/div>\n                                                            <\/a>\n                                                                                                                            <a class=\"article-teaser article-teaser--large article-teaser--2\" href=\"https:\/\/www.finanzen.net\/ratgeber\/krypto\/praxis-strategien\/krypto-shorten\/\">\n                                                                    <div class=\"article-teaser__image\">\n                                        <img loading=\"lazy\" decoding=\"async\" width=\"1920\" height=\"882\" src=\"https:\/\/www.finanzen.net\/ratgeber\/wp-content\/uploads\/2024\/01\/shutterstock_1911813292-PhotoRoom.jpg\" class=\"attachment-post-thumbnail size-post-thumbnail wp-post-image\" alt=\"\" srcset=\"https:\/\/www.finanzen.net\/ratgeber\/wp-content\/uploads\/2024\/01\/shutterstock_1911813292-PhotoRoom.jpg 1920w, https:\/\/www.finanzen.net\/ratgeber\/wp-content\/uploads\/2024\/01\/shutterstock_1911813292-PhotoRoom-300x138.jpg 300w, https:\/\/www.finanzen.net\/ratgeber\/wp-content\/uploads\/2024\/01\/shutterstock_1911813292-PhotoRoom-1024x470.jpg 1024w, https:\/\/www.finanzen.net\/ratgeber\/wp-content\/uploads\/2024\/01\/shutterstock_1911813292-PhotoRoom-768x353.jpg 768w, https:\/\/www.finanzen.net\/ratgeber\/wp-content\/uploads\/2024\/01\/shutterstock_1911813292-PhotoRoom-1536x706.jpg 1536w\" sizes=\"auto, (max-width: 1920px) 100vw, 1920px\" \/>                                    <\/div>\n                                    <div class=\"article-teaser__content-container\">\n                                                                                    <div class=\"article-teaser__preline\">\n                                                Am Krypto-Crash verdienen!                                            <\/div>\n                                                                                                        <h3 class=\"headline headline--h3 article-teaser__headline\">\n                                    Krypto shorten                                <\/h3>\n                                <div class=\"article-teaser__excerpt\">\n                                                                            <span class=\"article-teaser__excerpt-arrow\">\n                                            Bitcoin und andere Kryptow\u00e4hrungen haben immer mal so ihre Schwankungen. Aber wussten Sie, dass Sie durch &#8230;                                        <\/span>\n                                                                    <\/div>\n                                <span class=\"article-teaser__more-link link link--arrow-right\">\n                                    Mehr erfahren\n                                <\/span>\n                                                                    <\/div>\n                                                            <\/a>\n                                                                        <\/div>\n                        <\/div>\n                                                                                                                                                <div class=\"article-teasers__container-secondary\">\n                                                <a class=\"article-teaser article-teaser--small article-teaser--3\" href=\"https:\/\/www.finanzen.net\/ratgeber\/krypto\/praxis-strategien\/crypto-staking\/\">\n                                                                <h3 class=\"headline headline--h3 article-teaser__headline\">\n                                    Crypto Staking                                <\/h3>\n                                <div class=\"article-teaser__excerpt\">\n                                                                            <span class=\"article-teaser__excerpt-arrow\">\n                                            Crypto Staking ist eine M\u00f6glichkeit, um mit Kryptow\u00e4hrungen bequem passives Einkommen zu generieren. Was das \u00fcberhaupt &#8230;                                        <\/span>\n                                                                    <\/div>\n                                <span class=\"article-teaser__more-link link link--arrow-right\">\n                                    Mehr erfahren\n                                <\/span>\n                                                            <\/a>\n                                                                                                                            <a class=\"article-teaser article-teaser--small article-teaser--4\" href=\"https:\/\/www.finanzen.net\/ratgeber\/krypto\/praxis-strategien\/kryptotrading-tipps\/\">\n                                                                <h3 class=\"headline headline--h3 article-teaser__headline\">\n                                    Kryptotrading Tipps                                <\/h3>\n                                <div class=\"article-teaser__excerpt\">\n                                                                            <span class=\"article-teaser__excerpt-arrow\">\n                                            Trotz einiger H\u00f6hen und Tiefen kann man das Jahr 2021 als das Jahr der Kryptow\u00e4hrungen bezeichnen. &#8230;                                        <\/span>\n                                                                    <\/div>\n                                <span class=\"article-teaser__more-link link link--arrow-right\">\n                                    Mehr erfahren\n                                <\/span>\n                                                            <\/a>\n                                                                                                                            <a class=\"article-teaser article-teaser--small article-teaser--5\" href=\"https:\/\/www.finanzen.net\/ratgeber\/krypto\/praxis-strategien\/investieren-in-blockchain-technologie\/\">\n                                                                <h3 class=\"headline headline--h3 article-teaser__headline\">\n                                    In Blockchain investieren                                <\/h3>\n                                <div class=\"article-teaser__excerpt\">\n                                                                            <span class=\"article-teaser__excerpt-arrow\">\n                                            Die Blockchain-Technologie ist die Basis f\u00fcr Kryptow\u00e4hrungen wie Bitcoin, Ethereum und Co., doch ihr Potenzial ist &#8230;                                        <\/span>\n                                                                    <\/div>\n                                <span class=\"article-teaser__more-link link link--arrow-right\">\n                                    Mehr erfahren\n                                <\/span>\n                                                            <\/a>\n                                                                                        <\/div>\n                                                <\/div>\n        <\/div>\n    \n    \n","protected":false},"excerpt":{"rendered":"","protected":false},"author":16,"featured_media":0,"parent":4542,"menu_order":0,"comment_status":"closed","ping_status":"closed","template":"","meta":{"_acf_changed":false,"footnotes":""},"class_list":["post-31608","page","type-page","status-publish","hentry"],"acf":[],"yoast_head":"<title>Praxis &amp; Strategien<\/title>\n<meta name=\"robots\" content=\"index, follow, max-snippet:-1, max-image-preview:large, max-video-preview:-1\" \/>\n<link rel=\"canonical\" href=\"https:\/\/www.finanzen.net\/ratgeber\/krypto\/praxis-strategien\/\" \/>\n<meta property=\"og:locale\" content=\"de_DE\" \/>\n<meta property=\"og:type\" content=\"article\" \/>\n<meta property=\"og:title\" content=\"Praxis &amp; Strategien\" \/>\n<meta property=\"og:url\" content=\"https:\/\/www.finanzen.net\/ratgeber\/krypto\/praxis-strategien\/\" \/>\n<meta property=\"og:site_name\" content=\"Finanzen.net Ratgeber: Finanzwissen, das dich weiterbringt\" \/>\n<meta property=\"article:modified_time\" content=\"2026-02-26T13:57:14+00:00\" \/>\n<meta name=\"twitter:card\" content=\"summary_large_image\" \/>\n<meta name=\"twitter:label1\" content=\"Gesch\u00e4tzte Lesezeit\" \/>\n\t<meta name=\"twitter:data1\" content=\"1\u00a0Minute\" \/>","yoast_head_json":{"title":"Praxis &amp; Strategien","robots":{"index":"index","follow":"follow","max-snippet":"max-snippet:-1","max-image-preview":"max-image-preview:large","max-video-preview":"max-video-preview:-1"},"canonical":"https:\/\/www.finanzen.net\/ratgeber\/krypto\/praxis-strategien\/","og_locale":"de_DE","og_type":"article","og_title":"Praxis &amp; Strategien","og_url":"https:\/\/www.finanzen.net\/ratgeber\/krypto\/praxis-strategien\/","og_site_name":"Finanzen.net Ratgeber: Finanzwissen, das dich weiterbringt","article_modified_time":"2026-02-26T13:57:14+00:00","twitter_card":"summary_large_image","twitter_misc":{"Gesch\u00e4tzte Lesezeit":"1\u00a0Minute"},"schema":{"@context":"https:\/\/schema.org","@graph":[{"@type":"Article","@id":"https:\/\/www.finanzen.net\/ratgeber\/krypto\/praxis-strategien\/#article","isPartOf":{"@id":"https:\/\/www.finanzen.net\/ratgeber\/krypto\/praxis-strategien\/"},"author":{"name":"Redaktion Ratgeber","@id":"https:\/\/www.finanzen.net\/ratgeber\/#\/schema\/person\/7de2b54939f007854918b2e05989b109"},"headline":"Praxis &amp; Strategien","datePublished":"2025-11-10T12:43:44+00:00","dateModified":"2026-02-26T13:57:14+00:00","mainEntityOfPage":{"@id":"https:\/\/www.finanzen.net\/ratgeber\/krypto\/praxis-strategien\/"},"wordCount":116,"inLanguage":"de"},{"@type":["WebPage","ItemPage"],"@id":"https:\/\/www.finanzen.net\/ratgeber\/krypto\/praxis-strategien\/","url":"https:\/\/www.finanzen.net\/ratgeber\/krypto\/praxis-strategien\/","name":"Praxis &amp; Strategien","isPartOf":{"@id":"https:\/\/www.finanzen.net\/ratgeber\/#website"},"datePublished":"2025-11-10T12:43:44+00:00","dateModified":"2026-02-26T13:57:14+00:00","breadcrumb":{"@id":"https:\/\/www.finanzen.net\/ratgeber\/krypto\/praxis-strategien\/#breadcrumb"},"inLanguage":"de","potentialAction":[{"@type":"ReadAction","target":["https:\/\/www.finanzen.net\/ratgeber\/krypto\/praxis-strategien\/"]}]},{"@type":"BreadcrumbList","@id":"https:\/\/www.finanzen.net\/ratgeber\/krypto\/praxis-strategien\/#breadcrumb","itemListElement":[{"@type":"ListItem","position":1,"name":"Startseite","item":"https:\/\/www.finanzen.net\/ratgeber\/"},{"@type":"ListItem","position":2,"name":"Krypto","item":"https:\/\/www.finanzen.net\/ratgeber\/krypto\/"},{"@type":"ListItem","position":3,"name":"Praxis &amp; Strategien"}]},{"@type":"WebSite","@id":"https:\/\/www.finanzen.net\/ratgeber\/#website","url":"https:\/\/www.finanzen.net\/ratgeber\/","name":"Finanzen.net Ratgeber - Die Ganze Welt der Finanzen","description":"","potentialAction":[{"@type":"SearchAction","target":{"@type":"EntryPoint","urlTemplate":"https:\/\/www.finanzen.net\/ratgeber\/?s={search_term_string}"},"query-input":{"@type":"PropertyValueSpecification","valueRequired":true,"valueName":"search_term_string"}}],"inLanguage":"de"},{"@type":"Person","@id":"https:\/\/www.finanzen.net\/ratgeber\/#\/schema\/person\/7de2b54939f007854918b2e05989b109","name":"Redaktion Ratgeber","image":{"@type":"ImageObject","inLanguage":"de","@id":"https:\/\/www.finanzen.net\/ratgeber\/wp-content\/uploads\/2024\/01\/image-6-150x150.png","url":"https:\/\/www.finanzen.net\/ratgeber\/wp-content\/uploads\/2024\/01\/image-6-150x150.png","contentUrl":"https:\/\/www.finanzen.net\/ratgeber\/wp-content\/uploads\/2024\/01\/image-6-150x150.png","caption":"Redaktion Ratgeber"},"url":"https:\/\/www.finanzen.net\/ratgeber\/author\/team-ratgeber\/"}]}},"_links":{"self":[{"href":"https:\/\/www.finanzen.net\/ratgeber\/wp-json\/wp\/v2\/pages\/31608","targetHints":{"allow":["GET"]}}],"collection":[{"href":"https:\/\/www.finanzen.net\/ratgeber\/wp-json\/wp\/v2\/pages"}],"about":[{"href":"https:\/\/www.finanzen.net\/ratgeber\/wp-json\/wp\/v2\/types\/page"}],"author":[{"embeddable":true,"href":"https:\/\/www.finanzen.net\/ratgeber\/wp-json\/wp\/v2\/users\/16"}],"replies":[{"embeddable":true,"href":"https:\/\/www.finanzen.net\/ratgeber\/wp-json\/wp\/v2\/comments?post=31608"}],"version-history":[{"count":2,"href":"https:\/\/www.finanzen.net\/ratgeber\/wp-json\/wp\/v2\/pages\/31608\/revisions"}],"predecessor-version":[{"id":31749,"href":"https:\/\/www.finanzen.net\/ratgeber\/wp-json\/wp\/v2\/pages\/31608\/revisions\/31749"}],"up":[{"embeddable":true,"href":"https:\/\/www.finanzen.net\/ratgeber\/wp-json\/wp\/v2\/pages\/4542"}],"wp:attachment":[{"href":"https:\/\/www.finanzen.net\/ratgeber\/wp-json\/wp\/v2\/media?parent=31608"}],"curies":[{"name":"wp","href":"https:\/\/api.w.org\/{rel}","templated":true}]}}