{"id":31623,"date":"2025-11-10T13:48:39","date_gmt":"2025-11-10T12:48:39","guid":{"rendered":"https:\/\/www.finanzen.net\/ratgeber\/?page_id=31623"},"modified":"2026-04-27T14:43:21","modified_gmt":"2026-04-27T12:43:21","slug":"produkte-vergleiche","status":"publish","type":"page","link":"https:\/\/www.finanzen.net\/ratgeber\/etf\/produkte-vergleiche\/","title":{"rendered":"Produkte &amp; Vergleiche"},"content":{"rendered":"\n<div class=\"container\" >\n    <div class=\"text\">\n        <div class=\"text__inner flow-content\">\n                            <div id=\"fnr-kategorie-page\"><div class=\"fnr-page-title\"><h1>Produkte &amp; Vergleiche<\/h1><p>Entdecke fundierte Beitr\u00e4ge rund um ETF-Produkte und Vergleiche, die dir helfen, die passende Anlagestrategie effizient und transparent zu finden.<\/p><\/div><div class=\"fnr-section\" id=\"fnrsub-etf-produkte-vergleiche\"><div class=\"fnr-section-header\"><h2><span class=\"fnr-section-icon\">\u2696\ufe0f<\/span>21 Artikel<\/h2><\/div><div class=\"fnr-grid\" id=\"fnrsub-etf-produkte-vergleiche-grid\"><a class=\"fnr-card\" href=\"https:\/\/www.finanzen.net\/ratgeber\/etf\/die-besten-welt-etfs\/\"><img decoding=\"async\" class=\"fnr-card-img\" src=\"https:\/\/www.finanzen.net\/ratgeber\/wp-content\/uploads\/2026\/04\/welt-etfs-768x432.jpg\" alt=\"Die besten Welt-ETFs\" loading=\"lazy\"><div class=\"fnr-card-body\"><div class=\"fnr-card-tag\">Produkte &amp; Vergleiche<\/div><div class=\"fnr-card-title\">Die besten Welt-ETFs<\/div><div class=\"fnr-card-teaser\">Welcher Welt-ETF passt zu dir? MSCI World, FTSE All-World und ACWI im Vergleich \u2013 mit Kosten, Unterschieden und den besten Produkten.<\/div><div class=\"fnr-card-meta\"><span><\/span><span>27.04.2026<\/span><\/div><\/div><\/a><a class=\"fnr-card\" href=\"https:\/\/www.finanzen.net\/ratgeber\/etf\/etf-discounter-prinzip\/\"><img decoding=\"async\" class=\"fnr-card-img\" src=\"https:\/\/www.finanzen.net\/ratgeber\/wp-content\/uploads\/2026\/04\/discountetfs-768x309.jpg\" alt=\"Discount-ETFs &#8211; So senkst du deine ETF-Kosten bei Welt-ETFs\" loading=\"lazy\"><div class=\"fnr-card-body\"><div class=\"fnr-card-tag\">Produkte &amp; Vergleiche<\/div><div class=\"fnr-card-title\">Discount-ETFs &#8211; So senkst du deine ETF-Kosten bei Welt-ETFs<\/div><div class=\"fnr-card-teaser\">Warum Welt-ETFs auf &quot;Generika&quot;-Indizes die gleichen Aktien wie MSCI World &amp; Co. enthalten \u2013 aber bis zu 75 % g\u00fcnstiger sind.<\/div><div class=\"fnr-card-meta\"><span><\/span><span>07.04.2026<\/span><\/div><\/div><\/a><a class=\"fnr-card\" href=\"https:\/\/www.finanzen.net\/ratgeber\/etf\/neuer-ukraine-etf-in-der-analyse-drohnen-aktie-vor-aufnahme\/\"><img decoding=\"async\" class=\"fnr-card-img\" src=\"https:\/\/www.finanzen.net\/ratgeber\/wp-content\/uploads\/2026\/03\/ukraine-etf-768x270.jpg\" alt=\"Neuer Ukraine ETF von HANetf in der Analyse &#8211; Drohnen-Aktie vor Aufnahme?\" loading=\"lazy\"><div class=\"fnr-card-body\"><div class=\"fnr-card-tag\">Produkte &amp; Vergleiche<\/div><div class=\"fnr-card-title\">Neuer Ukraine ETF von HANetf in der Analyse &#8211; Drohnen-Aktie vor Aufnahme?<\/div><div class=\"fnr-card-teaser\">Ukraine Reconstruction ETF von HANetf: Das erste passive Investment auf den Wiederaufbau der Ukraine in der Analyse \u2013 Plus: Amundi Osteuropa-ETF.<\/div><div class=\"fnr-card-meta\"><span><\/span><span>01.04.2026<\/span><\/div><\/div><\/a><a class=\"fnr-card\" href=\"https:\/\/www.finanzen.net\/ratgeber\/etf\/produkte-vergleiche\/nikkei-225-etf\/\"><div class=\"fnr-card-img\" style=\"display:flex !important;align-items:center !important;justify-content:center !important;font-size:.75rem !important;color:#aab !important;\">Nikkei-225 ETF<\/div><div class=\"fnr-card-body\"><div class=\"fnr-card-tag\">Produkte &amp; Vergleiche<\/div><div class=\"fnr-card-title\">Nikkei-225 ETF<\/div><div class=\"fnr-card-teaser\">Mit einem Nikkei-225-ETF investierst du in Japans Top-Unternehmen. Welche ETFs es gibt, was sie kosten und worauf du achten solltest.<\/div><div class=\"fnr-card-meta\"><span><\/span><span>24.01.2025<\/span><\/div><\/div><\/a><a class=\"fnr-card\" href=\"https:\/\/www.finanzen.net\/ratgeber\/etf\/produkte-vergleiche\/russell-2000-etf\/\"><img decoding=\"async\" class=\"fnr-card-img\" src=\"https:\/\/www.finanzen.net\/ratgeber\/wp-content\/uploads\/2025\/01\/russell-2000-etf-usa-amerika-ratgeber-1847270593-660.jpg\" alt=\"Russell 2000 ETF\" loading=\"lazy\"><div class=\"fnr-card-body\"><div class=\"fnr-card-tag\">Produkte &amp; Vergleiche<\/div><div class=\"fnr-card-title\">Russell 2000 ETF<\/div><div class=\"fnr-card-teaser\">Der Nebenwerte-Indes Russell 2000 erg\u00e4nzt jedes Portfolio. Welche ETFs es gibt, was sie kosten und wie hoch der Small-Cap-Anteil sein sollte.<\/div><div class=\"fnr-card-meta\"><span><\/span><span>15.01.2025<\/span><\/div><\/div><\/a><a class=\"fnr-card\" href=\"https:\/\/www.finanzen.net\/ratgeber\/etf\/produkte-vergleiche\/nasdaq-100-etfs\/\"><img decoding=\"async\" class=\"fnr-card-img\" src=\"https:\/\/www.finanzen.net\/ratgeber\/wp-content\/uploads\/2024\/12\/nasdaq-100-etf-ratgeber-vergleich-technologie-index-usa-portfolio-660.jpg\" alt=\"NASDAQ 100-ETFs\" loading=\"lazy\"><div class=\"fnr-card-body\"><div class=\"fnr-card-tag\">Produkte &amp; Vergleiche<\/div><div class=\"fnr-card-title\">NASDAQ 100-ETFs<\/div><div class=\"fnr-card-teaser\">Welcher NASDAQ 100 ETF ist die beste Wahl f\u00fcr Ihre individuellen Anlageziele? Die wichtigsten NASDAQ 100 ETFs im Kosten- und Performance-Vergleich<\/div><div class=\"fnr-card-meta\"><span><\/span><span>11.12.2024<\/span><\/div><\/div><\/a><div class=\"fnr-card fnr-mini-story fnr-mini-stil-zero\"><img decoding=\"async\" class=\"fnr-mini-bild\" src=\"https:\/\/www.finanzen.net\/ratgeber\/wp-content\/uploads\/2026\/03\/zero_logo_26_light-1.png\" alt=\"\" loading=\"lazy\"><div class=\"fnr-mini-content\"><div class=\"fnr-mini-tag\">finanzen.net Zero<\/div><div class=\"fnr-mini-title\">Kostenloses Depot<\/div><div class=\"fnr-mini-text\">Kostensieger bei Stiftung Warentest (12\/2025), empfohlen von Finanztip und Finanzfluss.<\/div><\/div><a class=\"fnr-mini-cta\" href=\"https:\/\/g.finanzen.net\/zero-fnet_017m-ratgeber-article?utm_content=etf-unterkategorie\">Depot er\u00f6ffnen \u2192<\/a><\/div><a class=\"fnr-card\" href=\"https:\/\/www.finanzen.net\/ratgeber\/etf\/produkte-vergleiche\/xtrackers-test-erfahrungen\/\"><img decoding=\"async\" class=\"fnr-card-img\" src=\"https:\/\/www.finanzen.net\/ratgeber\/wp-content\/uploads\/2024\/01\/shutterstock_2029556522-PhotoRoom-768x353.jpg\" alt=\"Xtrackers im Test\" loading=\"lazy\"><div class=\"fnr-card-body\"><div class=\"fnr-card-tag\">Produkte &amp; Vergleiche<\/div><div class=\"fnr-card-title\">Xtrackers im Test<\/div><div class=\"fnr-card-teaser\">Xtrackers, die ETF-Sparte der DWS\u200b, mit mehr als 300 verschiedenen ETFs &amp; ETCs im gro\u00dfen Finanzen.net-Ratgeber-Check.<\/div><div class=\"fnr-card-meta\"><span><\/span><span>06.12.2024<\/span><\/div><\/div><\/a><a class=\"fnr-card\" href=\"https:\/\/www.finanzen.net\/ratgeber\/etf\/produkte-vergleiche\/ki-etf\/\"><img decoding=\"async\" class=\"fnr-card-img\" src=\"https:\/\/www.finanzen.net\/ratgeber\/wp-content\/uploads\/2024\/01\/shutterstock_1931678669-PhotoRoom-768x353.jpg\" alt=\"KI-ETFs\" loading=\"lazy\"><div class=\"fnr-card-body\"><div class=\"fnr-card-tag\">Produkte &amp; Vergleiche<\/div><div class=\"fnr-card-title\">KI-ETFs<\/div><div class=\"fnr-card-meta\"><span><\/span><span>21.05.2024<\/span><\/div><\/div><\/a><a class=\"fnr-card\" href=\"https:\/\/www.finanzen.net\/ratgeber\/etf\/produkte-vergleiche\/etf-erneuerbare-energien\/\"><img decoding=\"async\" class=\"fnr-card-img\" src=\"https:\/\/www.finanzen.net\/ratgeber\/wp-content\/uploads\/2024\/01\/shutterstock_1959515344-PhotoRoom-768x353.jpg\" alt=\"Erneuerbare Energien ETF\" loading=\"lazy\"><div class=\"fnr-card-body\"><div class=\"fnr-card-tag\">Produkte &amp; Vergleiche<\/div><div class=\"fnr-card-title\">Erneuerbare Energien ETF<\/div><div class=\"fnr-card-teaser\">Die Zukunft nachhaltiger gestalten und die Abh\u00e4ngigkeit von fossilen Energietr\u00e4gern reduzieren &#8211; diese Vorgaben r\u00fccken saubere Energiequellen wie Wasser, Sonne oder Wind\u2026<\/div><div class=\"fnr-card-meta\"><span><\/span><span>23.09.2022<\/span><\/div><\/div><\/a><a class=\"fnr-card\" href=\"https:\/\/www.finanzen.net\/ratgeber\/etf\/produkte-vergleiche\/anleihen-etf\/\"><img decoding=\"async\" class=\"fnr-card-img\" src=\"https:\/\/www.finanzen.net\/ratgeber\/wp-content\/uploads\/2024\/01\/shutterstock_2107776056-PhotoRoom-768x353.jpg\" alt=\"Anleihen-ETF\" loading=\"lazy\"><div class=\"fnr-card-body\"><div class=\"fnr-card-tag\">Produkte &amp; Vergleiche<\/div><div class=\"fnr-card-title\">Anleihen-ETF<\/div><div class=\"fnr-card-teaser\">Langfristige Geldanlage mit ETFs: Warum Anleihen-ETFs wichtig sind und Tipps, um die besten zu finden<\/div><div class=\"fnr-card-meta\"><span><\/span><span>11.12.2020<\/span><\/div><\/div><\/a><a class=\"fnr-card\" href=\"https:\/\/www.finanzen.net\/ratgeber\/etf\/produkte-vergleiche\/msci-europe-etf\/\"><img decoding=\"async\" class=\"fnr-card-img\" src=\"https:\/\/www.finanzen.net\/ratgeber\/wp-content\/uploads\/2024\/01\/shutterstock_2258582033-PhotoRoom-768x353.jpg\" alt=\"MSCI Europe-ETF\" loading=\"lazy\"><div class=\"fnr-card-body\"><div class=\"fnr-card-tag\">Produkte &amp; Vergleiche<\/div><div class=\"fnr-card-title\">MSCI Europe-ETF<\/div><div class=\"fnr-card-teaser\">Mit einem ETF auf den MSCI Europe-Index k\u00f6nnen Sie an den Gewinnen des europ\u00e4ischen Marktes teilhaben. Doch wie w\u00e4hlen Sie zwischen den\u2026<\/div><div class=\"fnr-card-meta\"><span><\/span><span>12.08.2020<\/span><\/div><\/div><\/a><a class=\"fnr-card\" href=\"https:\/\/www.finanzen.net\/ratgeber\/etf\/produkte-vergleiche\/stoxx-europe-600-etf\/\"><img decoding=\"async\" class=\"fnr-card-img\" src=\"https:\/\/www.finanzen.net\/ratgeber\/wp-content\/uploads\/2024\/01\/shutterstock_1978640519-PhotoRoom-768x353.jpg\" alt=\"Stoxx Europe 600-ETF\" loading=\"lazy\"><div class=\"fnr-card-body\"><div class=\"fnr-card-tag\">Produkte &amp; Vergleiche<\/div><div class=\"fnr-card-title\">Stoxx Europe 600-ETF<\/div><div class=\"fnr-card-teaser\">ETFs auf den STOXX Europe 600 sind nicht nur in Europa besonders beliebt. Denn Sie investieren mit einem ETF in die 600\u2026<\/div><div class=\"fnr-card-meta\"><span><\/span><span>31.07.2020<\/span><\/div><\/div><\/a><\/div><div class=\"fnr-load-more-wrap\"><button class=\"fnr-load-more-btn\" id=\"fnrsub-etf-produkte-vergleiche-btn\">Weitere Artikel laden (9 \u00fcbrig)<\/button><\/div><\/div><div class=\"fnr-story-card\"><a class=\"fnr-story-inner fnr-stil-newsletter\" href=\"\/ratgeber\/newsletter\/\"><div class=\"fnr-story-visual\"><div class=\"fnr-story-visual-icon\">\u2709<\/div><\/div><div class=\"fnr-story-body\"><div class=\"fnr-story-eyebrow\">Ratgeber Newsletter<\/div><h3>Immer auf dem Laufenden: Die besten Finanztipps direkt ins Postfach<\/h3><p>Kostenlos anmelden und w\u00f6chentlich die wichtigsten Ratgeber-Artikel, Markt-Informationen und Spar-Tipps erhalten.<\/p><span class=\"fnr-story-cta\">Jetzt anmelden \u2192<\/span><\/div><\/a><\/div><\/div><script>\n        (function(){\n            var cards = [\"<a class=\\\"fnr-card\\\" href=\\\"https:\\\/\\\/www.finanzen.net\\\/ratgeber\\\/etf\\\/produkte-vergleiche\\\/sp-500-etf\\\/\\\"><img class=\\\"fnr-card-img\\\" src=\\\"https:\\\/\\\/www.finanzen.net\\\/ratgeber\\\/wp-content\\\/uploads\\\/2024\\\/01\\\/shutterstock_1998833726-PhotoRoom-768x353.jpg\\\" alt=\\\"S&amp;P 500 ETF\\\" loading=\\\"lazy\\\"><div class=\\\"fnr-card-body\\\"><div class=\\\"fnr-card-tag\\\">Produkte &amp; Vergleiche<\\\/div><div class=\\\"fnr-card-title\\\">S&amp;P 500 ETF<\\\/div><div class=\\\"fnr-card-teaser\\\">Mit einem S&amp;P 500-ETF k\\u00f6nnen Sie besonders g\\u00fcnstig in diesen breiten und wichtigen US-Aktienindex investieren<\\\/div><div class=\\\"fnr-card-meta\\\"><span><\\\/span><span>23.07.2020<\\\/span><\\\/div><\\\/div><\\\/a>\",\"<a class=\\\"fnr-card\\\" href=\\\"https:\\\/\\\/www.finanzen.net\\\/ratgeber\\\/etf\\\/produkte-vergleiche\\\/euro-stoxx-50-etf\\\/\\\"><img class=\\\"fnr-card-img\\\" src=\\\"https:\\\/\\\/www.finanzen.net\\\/ratgeber\\\/wp-content\\\/uploads\\\/2024\\\/01\\\/shutterstock_1913048449-PhotoRoom-768x353.jpg\\\" alt=\\\"EURO STOXX 50-ETF\\\" loading=\\\"lazy\\\"><div class=\\\"fnr-card-body\\\"><div class=\\\"fnr-card-tag\\\">Produkte &amp; Vergleiche<\\\/div><div class=\\\"fnr-card-title\\\">EURO STOXX 50-ETF<\\\/div><div class=\\\"fnr-card-teaser\\\">ETFs sind eine riesige Erfolgsgeschichte: Weltweit betr\\u00e4gt das Anlagevolumen in Indexfonds fast sechs Billionen Dollar - die Tendenz ist steigend. ETF auf\\u2026<\\\/div><div class=\\\"fnr-card-meta\\\"><span><\\\/span><span>22.07.2020<\\\/span><\\\/div><\\\/div><\\\/a>\",\"<a class=\\\"fnr-card\\\" href=\\\"https:\\\/\\\/www.finanzen.net\\\/ratgeber\\\/etf\\\/produkte-vergleiche\\\/sdax-etf\\\/\\\"><img class=\\\"fnr-card-img\\\" src=\\\"https:\\\/\\\/www.finanzen.net\\\/ratgeber\\\/wp-content\\\/uploads\\\/2024\\\/01\\\/shutterstock_2002618313-PhotoRoom-768x353.jpg\\\" alt=\\\"SDAX-ETF\\\" loading=\\\"lazy\\\"><div class=\\\"fnr-card-body\\\"><div class=\\\"fnr-card-tag\\\">Produkte &amp; Vergleiche<\\\/div><div class=\\\"fnr-card-title\\\">SDAX-ETF<\\\/div><div class=\\\"fnr-card-teaser\\\">Ein SDAX-ETF sollte in keinem gut diversifizierten Portfolio fehlen, denn: Mit einem ETF auf den Small-Cap-Index profitieren Sie von der Wertentwicklung eines\\u2026<\\\/div><div class=\\\"fnr-card-meta\\\"><span><\\\/span><span>04.09.2018<\\\/span><\\\/div><\\\/div><\\\/a>\",\"<a class=\\\"fnr-card\\\" href=\\\"https:\\\/\\\/www.finanzen.net\\\/ratgeber\\\/etf\\\/produkte-vergleiche\\\/msci-emerging-markets-etf\\\/\\\"><img class=\\\"fnr-card-img\\\" src=\\\"https:\\\/\\\/www.finanzen.net\\\/ratgeber\\\/wp-content\\\/uploads\\\/2024\\\/01\\\/shutterstock_2107562921-PhotoRoom-768x353.jpg\\\" alt=\\\"MSCI Emerging Markets-ETF\\\" loading=\\\"lazy\\\"><div class=\\\"fnr-card-body\\\"><div class=\\\"fnr-card-tag\\\">Produkte &amp; Vergleiche<\\\/div><div class=\\\"fnr-card-title\\\">MSCI Emerging Markets-ETF<\\\/div><div class=\\\"fnr-card-teaser\\\">Mit einem MSCI Emerging Markets-ETF partizipieren Sie an der wirtschaftlichen Entwicklung von Schwellenl\\u00e4ndern<\\\/div><div class=\\\"fnr-card-meta\\\"><span><\\\/span><span>02.08.2018<\\\/span><\\\/div><\\\/div><\\\/a>\",\"<a class=\\\"fnr-card\\\" href=\\\"https:\\\/\\\/www.finanzen.net\\\/ratgeber\\\/etf\\\/produkte-vergleiche\\\/dow-jones-etf\\\/\\\"><img class=\\\"fnr-card-img\\\" src=\\\"https:\\\/\\\/www.finanzen.net\\\/ratgeber\\\/wp-content\\\/uploads\\\/2024\\\/01\\\/shutterstock_2299627889-PhotoRoom-768x353.jpg\\\" alt=\\\"Dow Jones-ETF\\\" loading=\\\"lazy\\\"><div class=\\\"fnr-card-body\\\"><div class=\\\"fnr-card-tag\\\">Produkte &amp; Vergleiche<\\\/div><div class=\\\"fnr-card-title\\\">Dow Jones-ETF<\\\/div><div class=\\\"fnr-card-teaser\\\">Ein Dow Jones-ETF ist eine starke Beimischung f\\u00fcr Ihr Wertpapierportfolio, denn: Mit einem Indexfonds auf den US-Leitindex Dow Jones partizipieren Sie als\\u2026<\\\/div><div class=\\\"fnr-card-meta\\\"><span><\\\/span><span>18.07.2018<\\\/span><\\\/div><\\\/div><\\\/a>\",\"<a class=\\\"fnr-card\\\" href=\\\"https:\\\/\\\/www.finanzen.net\\\/ratgeber\\\/etf\\\/produkte-vergleiche\\\/tecdax-etf\\\/\\\"><img class=\\\"fnr-card-img\\\" src=\\\"https:\\\/\\\/www.finanzen.net\\\/ratgeber\\\/wp-content\\\/uploads\\\/2024\\\/01\\\/shutterstock_1982983868-PhotoRoom-768x353.jpg\\\" alt=\\\"TecDAX-ETF\\\" loading=\\\"lazy\\\"><div class=\\\"fnr-card-body\\\"><div class=\\\"fnr-card-tag\\\">Produkte &amp; Vergleiche<\\\/div><div class=\\\"fnr-card-title\\\">TecDAX-ETF<\\\/div><div class=\\\"fnr-card-teaser\\\">Mit einem TecDAX-ETF partizipieren Sie an der Kursentwicklung des deutschen Technologie-Index, der den Leitindex DAX in den vergangenen Jahren regelm\\u00e4\\u00dfig \\u00fcbertroffen hat\\u2026<\\\/div><div class=\\\"fnr-card-meta\\\"><span><\\\/span><span>17.07.2018<\\\/span><\\\/div><\\\/div><\\\/a>\",\"<a class=\\\"fnr-card\\\" href=\\\"https:\\\/\\\/www.finanzen.net\\\/ratgeber\\\/etf\\\/produkte-vergleiche\\\/mdax-etf\\\/\\\"><img class=\\\"fnr-card-img\\\" src=\\\"https:\\\/\\\/www.finanzen.net\\\/ratgeber\\\/wp-content\\\/uploads\\\/2024\\\/01\\\/shutterstock_1974357857-PhotoRoom-768x353.jpg\\\" alt=\\\"MDAX-ETF\\\" loading=\\\"lazy\\\"><div class=\\\"fnr-card-body\\\"><div class=\\\"fnr-card-tag\\\">Produkte &amp; Vergleiche<\\\/div><div class=\\\"fnr-card-title\\\">MDAX-ETF<\\\/div><div class=\\\"fnr-card-teaser\\\">Der MDAX bildet die 50 gr\\u00f6\\u00dften Unternehmen ab, die nach den DAX40-Konzernen hinsichtlich der Marktkapitalisierung kommen<\\\/div><div class=\\\"fnr-card-meta\\\"><span><\\\/span><span>11.07.2018<\\\/span><\\\/div><\\\/div><\\\/a>\",\"<a class=\\\"fnr-card\\\" href=\\\"https:\\\/\\\/www.finanzen.net\\\/ratgeber\\\/etf\\\/produkte-vergleiche\\\/msci-world-etf\\\/\\\"><img class=\\\"fnr-card-img\\\" src=\\\"https:\\\/\\\/www.finanzen.net\\\/ratgeber\\\/wp-content\\\/uploads\\\/2024\\\/01\\\/shutterstock_1978640495-PhotoRoom-768x353.jpg\\\" alt=\\\"MSCI World-ETF\\\" loading=\\\"lazy\\\"><div class=\\\"fnr-card-body\\\"><div class=\\\"fnr-card-tag\\\">Produkte &amp; Vergleiche<\\\/div><div class=\\\"fnr-card-title\\\">MSCI World-ETF<\\\/div><div class=\\\"fnr-card-teaser\\\">Was bei der Auswahl wirklich wichtig ist und wie Sie den besten MSCI World-ETF finden<\\\/div><div class=\\\"fnr-card-meta\\\"><span><\\\/span><span>13.04.2018<\\\/span><\\\/div><\\\/div><\\\/a>\",\"<a class=\\\"fnr-card\\\" href=\\\"https:\\\/\\\/www.finanzen.net\\\/ratgeber\\\/etf\\\/produkte-vergleiche\\\/dax-etf\\\/\\\"><img class=\\\"fnr-card-img\\\" src=\\\"https:\\\/\\\/www.finanzen.net\\\/ratgeber\\\/wp-content\\\/uploads\\\/2024\\\/01\\\/shutterstock_2140007393-PhotoRoom-768x353.jpg\\\" alt=\\\"DAX-ETF\\\" loading=\\\"lazy\\\"><div class=\\\"fnr-card-body\\\"><div class=\\\"fnr-card-tag\\\">Produkte &amp; Vergleiche<\\\/div><div class=\\\"fnr-card-title\\\">DAX-ETF<\\\/div><div class=\\\"fnr-card-teaser\\\">Was unterscheidet einen DAX-ETF von einem anderen Investmentfonds und welcher DAX-ETF ist der beste?<\\\/div><div class=\\\"fnr-card-meta\\\"><span><\\\/span><span>11.04.2018<\\\/span><\\\/div><\\\/div><\\\/a>\"];\n            var perPage = 12;\n            var btn = document.getElementById(\"fnrsub-etf-produkte-vergleiche-btn\");\n            var grid = document.getElementById(\"fnrsub-etf-produkte-vergleiche-grid\");\n            if (!btn || !grid) return;\n            var offset = 0;\n            btn.addEventListener(\"click\", function() {\n                var chunk = cards.slice(offset, offset + perPage);\n                if (chunk.length === 0) return;\n                chunk.forEach(function(html) {\n                    grid.insertAdjacentHTML(\"beforeend\", html);\n                });\n                offset += chunk.length;\n                var remaining = cards.length - offset;\n                if (remaining <= 0) {\n                    btn.style.display = \"none\";\n                } else {\n                    btn.textContent = \"Weitere Artikel laden (\" + remaining + \" \\u00fcbrig)\";\n                }\n            });\n        })();\n        <\/script>\n                    <\/div>\n    <\/div>\n<\/div>\n","protected":false},"excerpt":{"rendered":"","protected":false},"author":16,"featured_media":0,"parent":31556,"menu_order":0,"comment_status":"closed","ping_status":"closed","template":"","meta":{"_acf_changed":false,"footnotes":""},"class_list":["post-31623","page","type-page","status-publish","hentry"],"acf":[],"yoast_head":"<title>Produkte &amp; Vergleiche<\/title>\n<meta name=\"robots\" content=\"index, follow, max-snippet:-1, max-image-preview:large, max-video-preview:-1\" \/>\n<link rel=\"canonical\" href=\"https:\/\/www.finanzen.net\/ratgeber\/etf\/produkte-vergleiche\/\" \/>\n<meta property=\"og:locale\" content=\"de_DE\" \/>\n<meta property=\"og:type\" content=\"article\" \/>\n<meta property=\"og:title\" content=\"Produkte &amp; Vergleiche\" \/>\n<meta property=\"og:url\" content=\"https:\/\/www.finanzen.net\/ratgeber\/etf\/produkte-vergleiche\/\" \/>\n<meta property=\"og:site_name\" content=\"Finanzen.net Ratgeber: Finanzwissen, das dich weiterbringt\" \/>\n<meta property=\"article:modified_time\" content=\"2026-04-27T12:43:21+00:00\" \/>\n<meta name=\"twitter:card\" content=\"summary_large_image\" \/>\n<meta name=\"twitter:label1\" content=\"Gesch\u00e4tzte Lesezeit\" \/>\n\t<meta name=\"twitter:data1\" content=\"1\u00a0Minute\" \/>","yoast_head_json":{"title":"Produkte &amp; Vergleiche","robots":{"index":"index","follow":"follow","max-snippet":"max-snippet:-1","max-image-preview":"max-image-preview:large","max-video-preview":"max-video-preview:-1"},"canonical":"https:\/\/www.finanzen.net\/ratgeber\/etf\/produkte-vergleiche\/","og_locale":"de_DE","og_type":"article","og_title":"Produkte &amp; Vergleiche","og_url":"https:\/\/www.finanzen.net\/ratgeber\/etf\/produkte-vergleiche\/","og_site_name":"Finanzen.net Ratgeber: Finanzwissen, das dich weiterbringt","article_modified_time":"2026-04-27T12:43:21+00:00","twitter_card":"summary_large_image","twitter_misc":{"Gesch\u00e4tzte Lesezeit":"1\u00a0Minute"},"schema":{"@context":"https:\/\/schema.org","@graph":[{"@type":"Article","@id":"https:\/\/www.finanzen.net\/ratgeber\/etf\/produkte-vergleiche\/#article","isPartOf":{"@id":"https:\/\/www.finanzen.net\/ratgeber\/etf\/produkte-vergleiche\/"},"author":{"name":"Redaktion Ratgeber","@id":"https:\/\/www.finanzen.net\/ratgeber\/#\/schema\/person\/7de2b54939f007854918b2e05989b109"},"headline":"Produkte &amp; Vergleiche","datePublished":"2025-11-10T12:48:39+00:00","dateModified":"2026-04-27T12:43:21+00:00","mainEntityOfPage":{"@id":"https:\/\/www.finanzen.net\/ratgeber\/etf\/produkte-vergleiche\/"},"wordCount":379,"inLanguage":"de"},{"@type":["WebPage","ItemPage"],"@id":"https:\/\/www.finanzen.net\/ratgeber\/etf\/produkte-vergleiche\/","url":"https:\/\/www.finanzen.net\/ratgeber\/etf\/produkte-vergleiche\/","name":"Produkte &amp; Vergleiche","isPartOf":{"@id":"https:\/\/www.finanzen.net\/ratgeber\/#website"},"datePublished":"2025-11-10T12:48:39+00:00","dateModified":"2026-04-27T12:43:21+00:00","breadcrumb":{"@id":"https:\/\/www.finanzen.net\/ratgeber\/etf\/produkte-vergleiche\/#breadcrumb"},"inLanguage":"de","potentialAction":[{"@type":"ReadAction","target":["https:\/\/www.finanzen.net\/ratgeber\/etf\/produkte-vergleiche\/"]}]},{"@type":"BreadcrumbList","@id":"https:\/\/www.finanzen.net\/ratgeber\/etf\/produkte-vergleiche\/#breadcrumb","itemListElement":[{"@type":"ListItem","position":1,"name":"Startseite","item":"https:\/\/www.finanzen.net\/ratgeber\/"},{"@type":"ListItem","position":2,"name":"ETF","item":"https:\/\/www.finanzen.net\/ratgeber\/etf\/"},{"@type":"ListItem","position":3,"name":"Produkte &amp; Vergleiche"}]},{"@type":"WebSite","@id":"https:\/\/www.finanzen.net\/ratgeber\/#website","url":"https:\/\/www.finanzen.net\/ratgeber\/","name":"Finanzen.net Ratgeber - Die Ganze Welt der Finanzen","description":"","potentialAction":[{"@type":"SearchAction","target":{"@type":"EntryPoint","urlTemplate":"https:\/\/www.finanzen.net\/ratgeber\/?s={search_term_string}"},"query-input":{"@type":"PropertyValueSpecification","valueRequired":true,"valueName":"search_term_string"}}],"inLanguage":"de"},{"@type":"Person","@id":"https:\/\/www.finanzen.net\/ratgeber\/#\/schema\/person\/7de2b54939f007854918b2e05989b109","name":"Redaktion Ratgeber","image":{"@type":"ImageObject","inLanguage":"de","@id":"https:\/\/www.finanzen.net\/ratgeber\/wp-content\/uploads\/2024\/01\/image-6-150x150.png","url":"https:\/\/www.finanzen.net\/ratgeber\/wp-content\/uploads\/2024\/01\/image-6-150x150.png","contentUrl":"https:\/\/www.finanzen.net\/ratgeber\/wp-content\/uploads\/2024\/01\/image-6-150x150.png","caption":"Redaktion Ratgeber"},"url":"https:\/\/www.finanzen.net\/ratgeber\/author\/team-ratgeber\/"}]}},"_links":{"self":[{"href":"https:\/\/www.finanzen.net\/ratgeber\/wp-json\/wp\/v2\/pages\/31623","targetHints":{"allow":["GET"]}}],"collection":[{"href":"https:\/\/www.finanzen.net\/ratgeber\/wp-json\/wp\/v2\/pages"}],"about":[{"href":"https:\/\/www.finanzen.net\/ratgeber\/wp-json\/wp\/v2\/types\/page"}],"author":[{"embeddable":true,"href":"https:\/\/www.finanzen.net\/ratgeber\/wp-json\/wp\/v2\/users\/16"}],"replies":[{"embeddable":true,"href":"https:\/\/www.finanzen.net\/ratgeber\/wp-json\/wp\/v2\/comments?post=31623"}],"version-history":[{"count":5,"href":"https:\/\/www.finanzen.net\/ratgeber\/wp-json\/wp\/v2\/pages\/31623\/revisions"}],"predecessor-version":[{"id":38751,"href":"https:\/\/www.finanzen.net\/ratgeber\/wp-json\/wp\/v2\/pages\/31623\/revisions\/38751"}],"up":[{"embeddable":true,"href":"https:\/\/www.finanzen.net\/ratgeber\/wp-json\/wp\/v2\/pages\/31556"}],"wp:attachment":[{"href":"https:\/\/www.finanzen.net\/ratgeber\/wp-json\/wp\/v2\/media?parent=31623"}],"curies":[{"name":"wp","href":"https:\/\/api.w.org\/{rel}","templated":true}]}}