{"id":742,"date":"2020-04-01T08:33:43","date_gmt":"2020-04-01T06:33:43","guid":{"rendered":"https:\/\/www.finanzen.net\/specials-advertorials\/?page_id=742"},"modified":"2020-04-24T15:08:23","modified_gmt":"2020-04-24T13:08:23","slug":"startseite","status":"publish","type":"page","link":"https:\/\/www.finanzen.net\/specials-advertorials\/","title":{"rendered":"Startseite"},"content":{"rendered":"<div style=\"min-height: 550px;\">\n<div class=\"spacer-40 d-none d-md-block\" style=\"margin-top: 125px;\">\u00a0<\/div>\n<div class=\"spacer-40 d-md-none\">\u00a0<\/div>\n<div class=\"row\">\n<div class=\"col-md-6 d-flex flex-column\" style=\"padding: 20px; border-right: 2px solid #d8d8d8;\"><img decoding=\"async\" style=\"height: 20px; align-self: flex-start;\" src=\"\/specials-advertorials\/wp-content\/uploads\/finnet-specials-logo.svg\" alt=\"Specials Logo\" \/><\/p>\n<p>Unsere Specials bieten einen umfangreichen Wissenstransfer zu aktuellen Trendthemen aus der Finanzbranche. Leicht und verst\u00e4ndlich geschrieben, lassen diese keine Fragen offen. Ob Social Investing, Robotik oder Digitale Beratung &#8211; unsere Specials sorgen daf\u00fcr, dass Sie in Zukunft mitreden k\u00f6nnen.<\/p>\n<p class=\"mt-auto\"><a class=\"btn\" style=\"color: #ffffff!important;\" href=\"\/specials-advertorials\/specials\">zu den Specials<\/a><\/p>\n<\/div>\n<div class=\"col-md-6 d-flex flex-column\" style=\"padding: 20px;\"><img decoding=\"async\" style=\"height: 17px; align-self: flex-start;\" src=\"\/specials-advertorials\/wp-content\/uploads\/finnet-advertorials-logo.svg\" alt=\"Advertorials Logo\" \/><\/p>\n<p>Unsere Advertorials besitzen einen hohen Informationsgehalt, kompakt zusammengefasst auf einer einzigen Seite. Kurz und knackig geschrieben, erhalten Sie so einen schnellen \u00dcberblick \u00fcber ein aktuelles und relevantes Thema aus der Finanzwelt. Egal ob Cannabis-Aktien, Tipps f\u00fcr den erfolgreichen B\u00f6rsenhandel oder nachhaltige ETFs &#8211; mit unseren Advertorials sind Sie immer gut informiert.<\/p>\n<p class=\"mt-auto\"><a class=\"btn\" style=\"color: #ffffff!important;\" href=\"\/specials-advertorials\/advertorials\">zu den Advertorials<\/a><\/p>\n<\/div>\n<\/div>\n<\/div>\n","protected":false},"excerpt":{"rendered":"<p>\u00a0 \u00a0 Unsere Specials bieten einen umfangreichen Wissenstransfer zu aktuellen Trendthemen aus der Finanzbranche. Leicht und verst\u00e4ndlich geschrieben, lassen diese keine Fragen offen. Ob Social Investing, Robotik oder Digitale Beratung &#8211; unsere Specials sorgen daf\u00fcr, dass Sie in Zukunft mitreden k\u00f6nnen. zu den Specials Unsere Advertorials besitzen einen hohen Informationsgehalt, kompakt zusammengefasst auf einer einzigen [&hellip;]<\/p>\n","protected":false},"author":4,"featured_media":0,"parent":0,"menu_order":0,"comment_status":"closed","ping_status":"closed","template":"","meta":{"_acf_changed":false,"footnotes":""},"class_list":["post-742","page","type-page","status-publish","hentry"],"acf":[],"_links":{"self":[{"href":"https:\/\/www.finanzen.net\/specials-advertorials\/wp-json\/wp\/v2\/pages\/742","targetHints":{"allow":["GET"]}}],"collection":[{"href":"https:\/\/www.finanzen.net\/specials-advertorials\/wp-json\/wp\/v2\/pages"}],"about":[{"href":"https:\/\/www.finanzen.net\/specials-advertorials\/wp-json\/wp\/v2\/types\/page"}],"author":[{"embeddable":true,"href":"https:\/\/www.finanzen.net\/specials-advertorials\/wp-json\/wp\/v2\/users\/4"}],"replies":[{"embeddable":true,"href":"https:\/\/www.finanzen.net\/specials-advertorials\/wp-json\/wp\/v2\/comments?post=742"}],"version-history":[{"count":5,"href":"https:\/\/www.finanzen.net\/specials-advertorials\/wp-json\/wp\/v2\/pages\/742\/revisions"}],"predecessor-version":[{"id":2431,"href":"https:\/\/www.finanzen.net\/specials-advertorials\/wp-json\/wp\/v2\/pages\/742\/revisions\/2431"}],"wp:attachment":[{"href":"https:\/\/www.finanzen.net\/specials-advertorials\/wp-json\/wp\/v2\/media?parent=742"}],"curies":[{"name":"wp","href":"https:\/\/api.w.org\/{rel}","templated":true}]}}